{"id":29,"date":"2025-09-05T21:36:19","date_gmt":"2025-09-05T21:36:19","guid":{"rendered":"https:\/\/autonomy.frl\/?page_id=29"},"modified":"2025-09-05T21:40:45","modified_gmt":"2025-09-05T21:40:45","slug":"us-kearnwearden","status":"publish","type":"page","link":"https:\/\/autonomy.frl\/index.php\/us-kearnwearden\/","title":{"rendered":"Us kearnwearden"},"content":{"rendered":"\n<p><strong>1. <\/strong><strong>Skaaloptimalisaasje<\/strong><br>It bestjoer en belied wurde \u00f4fstimd op de Fryske skaal en behoeften. Yn gearwurking mei boargers kin besletten wurde de omfang fan bestjoerlike ienheden en semy-oerheden oan te passen, sawol yn geografyske as yn personiele sin.<\/p>\n\n\n\n<p><strong>2. <\/strong><strong>Bestjoerlike emansipaasje<\/strong><br>It Fryske folk is \u00fbnder it <em>Ramtferdrach oangeande de Beskerming fan Nasjonale Minderheden<\/em> yn Nederl\u00e2n en D\u00fatsl\u00e2n erkend. D\u00earmei binne der yn Nederl\u00e2n twa l\u00e2nseigen folken mei in juridyske status: it Nederl\u00e2nske folk en it Fryske folk. Emsansipaasje fan beide folken is allinnich mooglik as beide folken sa likern\u00f4ch itselde bestjoerlike foech mei elk harren eigen ynst\u00e2nsjes hawwe.<\/p>\n\n\n\n<p><strong>3. <\/strong><strong>Demokratisearring<\/strong><br>Wy wolle it iepenbier bestjoer tichter by de mienskip bringe en demokratyske prosessen fersterkje. D\u00earby heart \u00fbnder mear it demokratisearjen fan bestjoersrieden fan semy-oerheidsynst\u00e2nsjes, lykas wenningbouko\u00f6peraasjes, sikehuzen, enerzjybedriuwen en it iepenbier ferfier.<\/p>\n\n\n\n<p><strong>4. <\/strong><strong>Eigenheid yn kultuer, taal en identiteit<br><\/strong>Strukturele bestjoerlike feroaringen binne nedich om de posysje fan de Fryske taal, kultuer en identiteit as nasjonale minderheid fierder \u00fat te bouwen en te boargjen.<\/p>\n\n\n\n<p><strong>5. <\/strong><strong>Boargermacht en partisipaasje<\/strong><br>Wy stribje nei in iepenbier bestjoer w\u00earyn\u2019t boargers net allinnich rieplachte wurde, mar ek meibeslute oer beliedsfoarming en dielnimme oan de \u00fatfiering. Boargers krije mear ynfloed, mar d\u00ear stiet ek ferantwurdlikens tsjinoer: wa\u2019t meipraat, docht ek mei. Sa wurdt demokrasy net allinnich mear ynklusyf, mar ek mear mienskiplik.<\/p>\n\n\n\n<p><strong>6. <\/strong><strong>Duorsumens en selsfoarsjenning<br><\/strong>Frysl\u00e2n wurdt sterker troch mear eigen regy oer enerzjy, iten, wenjen, mobiliteit en l\u00e2nskip. Troch lokaal te kiezen en te produsearjen, wurde wy duorsumer en minder \u00f4fhinklik fan eksterne belangen.<\/p>\n\n\n\n<p><strong>7. <\/strong><strong>Frysl\u00e2n en de wr\u00e2ld<br><\/strong>As selsbewuste regio wolle wy aktyf bydrage oan ynternasjonale gearwurking tusken steaten, autochtoane minderheden en Europeeske regio\u2019s. Wy stribje dernei om \u00fas eigen foech en autonomy te fersterkjen troch mear ynfloed op it bestjoer yn De Haach en Brussel. Troch gearwurking fersterkje wy \u00fas eigen posysje \u00e9n dy fan oare lytse autochtoane minderheden en regio\u2019s.<\/p>\n","protected":false},"excerpt":{"rendered":"<p>1. SkaaloptimalisaasjeIt bestjoer en belied wurde \u00f4fstimd op de Fryske skaal en behoeften. [&hellip;]<\/p>\n","protected":false},"author":1,"featured_media":0,"parent":0,"menu_order":0,"comment_status":"closed","ping_status":"closed","template":"","meta":{"footnotes":""},"class_list":["post-29","page","type-page","status-publish","hentry"],"_links":{"self":[{"href":"https:\/\/autonomy.frl\/index.php\/wp-json\/wp\/v2\/pages\/29","targetHints":{"allow":["GET"]}}],"collection":[{"href":"https:\/\/autonomy.frl\/index.php\/wp-json\/wp\/v2\/pages"}],"about":[{"href":"https:\/\/autonomy.frl\/index.php\/wp-json\/wp\/v2\/types\/page"}],"author":[{"embeddable":true,"href":"https:\/\/autonomy.frl\/index.php\/wp-json\/wp\/v2\/users\/1"}],"replies":[{"embeddable":true,"href":"https:\/\/autonomy.frl\/index.php\/wp-json\/wp\/v2\/comments?post=29"}],"version-history":[{"count":2,"href":"https:\/\/autonomy.frl\/index.php\/wp-json\/wp\/v2\/pages\/29\/revisions"}],"predecessor-version":[{"id":36,"href":"https:\/\/autonomy.frl\/index.php\/wp-json\/wp\/v2\/pages\/29\/revisions\/36"}],"wp:attachment":[{"href":"https:\/\/autonomy.frl\/index.php\/wp-json\/wp\/v2\/media?parent=29"}],"curies":[{"name":"wp","href":"https:\/\/api.w.org\/{rel}","templated":true}]}}