{"id":27,"date":"2025-09-05T21:36:19","date_gmt":"2025-09-05T21:36:19","guid":{"rendered":"https:\/\/autonomy.frl\/?page_id=27"},"modified":"2025-09-05T21:39:59","modified_gmt":"2025-09-05T21:39:59","slug":"us-doel","status":"publish","type":"page","link":"https:\/\/autonomy.frl\/index.php\/us-doel\/","title":{"rendered":"Us Doel"},"content":{"rendered":"\n<p><strong>Us doel<\/strong><\/p>\n\n\n\n<p>De tinktenk hat as doel om nei te tinken oer de mooglikheden fan bestjoerlike autonomy foar Frysl\u00e2n.<\/p>\n\n\n\n<p><strong>Definysje fan bestjoerlike autonomy<\/strong><\/p>\n\n\n\n<p>Bestjoerlike autonomy kin in soad foarmen hawwe; fan kulturele autonomy oant in status aparte. Wy jouwe lykwols gjin f\u00easte definysje. Wy wolle krekt dat mear Friezen har ferdjipje yn dit \u00fbnderwerp. In breed ferskaat oan plannen en idee\u00ebn is nedich. Allinnich as it \u00fbnderwerp begjint te libjen \u00fbnder de Friezen, kin autonomy op \u2019e politike aginda komme. Sa fier binne wy no noch net.<\/p>\n\n\n\n<p><strong>Wat wolle wy?<\/strong><\/p>\n\n\n\n<p>Wy sjogge dat it hjoeddeistige bestjoerlike systeem yn Nederl\u00e2n oan in update ta is. Wy leauwe dat besteande \u00fbntefredenheid omb\u00fbgd wurde kin ta in positive \u00fbntwikkeling. Wy pleitsje lykwols net foar in federale steat Nederl\u00e2n. Us \u00fatgongspunt is dat de twa l\u00e2nseigen folken, de Friezen en de Nederlanners, beide rjocht hawwe op in eigen bestjoer.<\/p>\n\n\n\n<p><strong>W\u00ear leauwe wy yn?<\/strong><\/p>\n\n\n\n<p>Wy h\u00e2lde \u00fas fier fan partijpolityk. Wy leauwe yn it goede fan de minske. Wy hawwe fertrouwen dat Friezen sels goed neitinke kinne oer harren takomst. Wy steane yn in iuwen\u00e2lde tradysje fan demokratyske wearden, dy\u2019t yn Frysl\u00e2n in langere \u00fbn\u00fbnderbrutsen tradysje hawwe as yn de rest fan Europa. Tagelyk leauwe wy sterk yn gearwurking en bruorskip.<\/p>\n\n\n\n<p><strong>Hoe wolle wy fierder?<\/strong><\/p>\n\n\n\n<p>Wy skriuwe neat foar en definiearje bestjoerlike autonomy net. Wy binne wol d\u00fadlik oer \u00fas kearnwearden; dat binne de dingen dy\u2019t wy as tinktenk wichtich fine. Fansels fine wy it moai as oaren dy kearnwearden diele. Wy wolle aktiviteiten organisearje om it \u00fbnderwerp op \u2019e aginda te setten en sa in brede groep Friezen te berikken.<\/p>\n","protected":false},"excerpt":{"rendered":"<p>Us doel De tinktenk hat as doel om nei te tinken oer de [&hellip;]<\/p>\n","protected":false},"author":1,"featured_media":0,"parent":0,"menu_order":0,"comment_status":"closed","ping_status":"closed","template":"","meta":{"footnotes":""},"class_list":["post-27","page","type-page","status-publish","hentry"],"_links":{"self":[{"href":"https:\/\/autonomy.frl\/index.php\/wp-json\/wp\/v2\/pages\/27","targetHints":{"allow":["GET"]}}],"collection":[{"href":"https:\/\/autonomy.frl\/index.php\/wp-json\/wp\/v2\/pages"}],"about":[{"href":"https:\/\/autonomy.frl\/index.php\/wp-json\/wp\/v2\/types\/page"}],"author":[{"embeddable":true,"href":"https:\/\/autonomy.frl\/index.php\/wp-json\/wp\/v2\/users\/1"}],"replies":[{"embeddable":true,"href":"https:\/\/autonomy.frl\/index.php\/wp-json\/wp\/v2\/comments?post=27"}],"version-history":[{"count":2,"href":"https:\/\/autonomy.frl\/index.php\/wp-json\/wp\/v2\/pages\/27\/revisions"}],"predecessor-version":[{"id":35,"href":"https:\/\/autonomy.frl\/index.php\/wp-json\/wp\/v2\/pages\/27\/revisions\/35"}],"wp:attachment":[{"href":"https:\/\/autonomy.frl\/index.php\/wp-json\/wp\/v2\/media?parent=27"}],"curies":[{"name":"wp","href":"https:\/\/api.w.org\/{rel}","templated":true}]}}