{"id":146,"date":"2025-09-28T15:53:36","date_gmt":"2025-09-28T15:53:36","guid":{"rendered":"https:\/\/autonomy.frl\/index.php\/silverstorm\/"},"modified":"2026-01-11T17:58:45","modified_gmt":"2026-01-11T17:58:45","slug":"silverstorm","status":"publish","type":"page","link":"https:\/\/autonomy.frl\/","title":{"rendered":"Front Page"},"content":{"rendered":"<div data-colibri-id=\"146-c1\" class=\"style-179 style-local-146-c1 position-relative\">\n  <!---->\n  <div data-colibri-component=\"section\" data-colibri-id=\"146-c2\" id=\"overlappable-2\" class=\"h-section h-section-global-spacing d-flex align-items-lg-center align-items-md-center align-items-center style-193 style-local-146-c2 position-relative\">\n    <!---->\n    <!---->\n    <div class=\"h-section-grid-container h-section-boxed-container\">\n      <!---->\n      <div data-colibri-id=\"146-c3\" class=\"h-row-container gutters-row-lg-0 gutters-row-md-0 gutters-row-2 gutters-row-v-lg-0 gutters-row-v-md-0 gutters-row-v-2 style-194 style-local-146-c3 position-relative\">\n        <!---->\n        <div class=\"h-row justify-content-lg-center justify-content-md-center justify-content-center align-items-lg-stretch align-items-md-stretch align-items-stretch gutters-col-lg-0 gutters-col-md-0 gutters-col-2 gutters-col-v-lg-0 gutters-col-v-md-0 gutters-col-v-2\">\n          <!---->\n          <div class=\"h-column h-column-container d-flex h-col-lg-4 h-col-md-4 h-col-12 style-195-outer style-local-146-c4-outer\">\n            <div data-colibri-id=\"146-c4\" class=\"d-flex h-flex-basis h-column__inner h-px-lg-3 h-px-md-3 h-px-2 v-inner-lg-3 v-inner-md-3 v-inner-2 style-195 style-local-146-c4 position-relative\">\n              <!---->\n              <!---->\n              <div class=\"w-100 h-y-container h-column__content h-column__v-align flex-basis-100 align-self-lg-center align-self-md-center align-self-center\">\n                <!---->\n                <div data-colibri-id=\"146-c5\" class=\"h-icon style-196 style-local-146-c5 position-relative h-element\">\n                  <!---->\n                  <a href=\"https:\/\/autonomy.frl\/index.php\/us-doel\/\" h-use-smooth-scroll=\"true\"><span class=\"h-svg-icon h-icon__icon style-196-icon style-local-146-c5-icon\"><!--Icon by Font Awesome (https:\/\/fontawesome.com)-->\n    <svg version=\"1.1\" xmlns=\"http:\/\/www.w3.org\/2000\/svg\" xmlns:xlink=\"http:\/\/www.w3.org\/1999\/xlink\" id=\"bullseye\" viewBox=\"0 0 1536 1896.0833\">\n      <path d=\"M1024 896q0 106-75 181t-181 75-181-75-75-181 75-181 181-75 181 75 75 181zm128 0q0-159-112.5-271.5T768 512 496.5 624.5 384 896t112.5 271.5T768 1280t271.5-112.5T1152 896zm128 0q0 212-150 362t-362 150-362-150-150-362 150-362 362-150 362 150 150 362zm128 0q0-130-51-248.5t-136.5-204-204-136.5T768 256t-248.5 51-204 136.5-136.5 204T128 896t51 248.5 136.5 204 204 136.5 248.5 51 248.5-51 204-136.5 136.5-204 51-248.5zm128 0q0 209-103 385.5T1153.5 1561 768 1664t-385.5-103T103 1281.5 0 896t103-385.5T382.5 231 768 128t385.5 103T1433 510.5 1536 896z\"><\/path>\n    <\/svg><\/span><\/a>\n                <\/div>\n                <div data-colibri-id=\"146-c6\" class=\"h-global-transition-all h-heading style-197 style-local-146-c6 position-relative h-element\">\n                  <!---->\n                  <div class=\"h-heading__outer style-197 style-local-146-c6\">\n                    <!---->\n                    <!---->\n                    <a href=\"https:\/\/autonomy.frl\/index.php\/us-doel\/\" h-use-smooth-scroll=\"true\">\n                      <h5 class=\"\">US DOEL<\/h5>\n                    <\/a>\n                  <\/div>\n                <\/div>\n              <\/div>\n            <\/div>\n          <\/div>\n          <div class=\"h-column h-column-container d-flex h-col-lg-4 h-col-md-4 h-col-12 style-195-outer style-local-146-c7-outer\">\n            <div data-colibri-id=\"146-c7\" class=\"d-flex h-flex-basis h-column__inner h-px-lg-3 h-px-md-3 h-px-2 v-inner-lg-3 v-inner-md-3 v-inner-2 style-195 style-local-146-c7 position-relative\">\n              <!---->\n              <!---->\n              <div class=\"w-100 h-y-container h-column__content h-column__v-align flex-basis-100 align-self-lg-center align-self-md-center align-self-center\">\n                <!---->\n                <div data-colibri-id=\"146-c8\" class=\"h-icon style-196 style-local-146-c8 position-relative h-element\">\n                  <!----><span class=\"h-svg-icon h-icon__icon style-196-icon style-local-146-c8-icon\"><!--Icon by Font Awesome (https:\/\/fontawesome.com)-->\n    <svg version=\"1.1\" xmlns=\"http:\/\/www.w3.org\/2000\/svg\" xmlns:xlink=\"http:\/\/www.w3.org\/1999\/xlink\" id=\"compass\" viewBox=\"0 0 1536 1896.0833\">\n      <path d=\"M640 1088l256-128-256-128v256zm384-591v542l-512 256V753zm288 399q0-148-73-273t-198-198-273-73-273 73-198 198-73 273 73 273 198 198 273 73 273-73 198-198 73-273zm224 0q0 209-103 385.5T1153.5 1561 768 1664t-385.5-103T103 1281.5 0 896t103-385.5T382.5 231 768 128t385.5 103T1433 510.5 1536 896z\"><\/path>\n    <\/svg><\/span><\/div>\n                <div data-colibri-id=\"146-c9\" class=\"h-global-transition-all h-heading style-197 style-local-146-c9 position-relative h-element\">\n                  <!---->\n                  <div class=\"h-heading__outer style-197 style-local-146-c9\">\n                    <!---->\n                    <!---->\n                    <h5 class=\"\">US KEARNWEARDEN<\/h5>\n                  <\/div>\n                <\/div>\n              <\/div>\n            <\/div>\n          <\/div>\n          <div class=\"h-column h-column-container d-flex h-col-lg-4 h-col-md-4 h-col-12 style-199-outer style-local-146-c11-outer\">\n            <div data-colibri-id=\"146-c11\" class=\"d-flex h-flex-basis h-column__inner h-px-lg-3 h-px-md-3 h-px-2 v-inner-lg-3 v-inner-md-3 v-inner-2 style-199 style-local-146-c11 position-relative\">\n              <!---->\n              <!---->\n              <div class=\"w-100 h-y-container h-column__content h-column__v-align flex-basis-100 align-self-lg-center align-self-md-center align-self-center\">\n                <!---->\n                <div data-colibri-id=\"146-c12\" class=\"h-icon style-196 style-local-146-c12 position-relative h-element\">\n                  <!----><span class=\"h-svg-icon h-icon__icon style-196-icon style-local-146-c12-icon\"><!--Icon by Font Awesome (https:\/\/fontawesome.com)-->\n    <svg version=\"1.1\" xmlns=\"http:\/\/www.w3.org\/2000\/svg\" xmlns:xlink=\"http:\/\/www.w3.org\/1999\/xlink\" id=\"leanpub\" viewBox=\"0 0 2048 1896.0833\">\n      <path d=\"M1893 392l155 1272q-131 0-257-57-200-91-393-91-226 0-374 148-148-148-374-148-193 0-393 91-128 57-252 57H0L155 392q224-127 482-127 233 0 387 106 154-106 387-106 258 0 482 127zm-495 987q129 0 232 28.5t260 93.5L1766 480q-171-78-368-78-224 0-374 141-150-141-374-141-197 0-368 78L158 1501q105-43 165.5-65t148.5-39.5 178-17.5q202 0 374 108 172-108 374-108zm40-34l-55-907q-211 4-359 155-152-155-374-155-176 0-336 66l-114 941q124-51 228.5-76t221.5-25q209 0 374 102 172-107 374-102z\"><\/path>\n    <\/svg><\/span><\/div>\n                <div data-colibri-id=\"146-c13\" class=\"h-global-transition-all h-heading style-197 style-local-146-c13 position-relative h-element\">\n                  <!---->\n                  <div class=\"h-heading__outer style-197 style-local-146-c13\">\n                    <!---->\n                    <!---->\n                    <h5 class=\"\">RAPPORTEN EN STUDZJES<\/h5>\n                  <\/div>\n                <\/div>\n              <\/div>\n            <\/div>\n          <\/div>\n        <\/div>\n      <\/div>\n    <\/div>\n  <\/div>\n  <div data-colibri-component=\"section\" data-colibri-id=\"146-c15\" id=\"custom-2\" class=\"h-section h-section-global-spacing d-flex align-items-lg-center align-items-md-center align-items-center style-200 style-local-146-c15 position-relative\">\n    <!---->\n    <!---->\n    <div class=\"h-section-grid-container h-section-boxed-container\">\n      <!---->\n      <div data-colibri-id=\"146-c16\" class=\"h-row-container gutters-row-lg-2 gutters-row-md-2 gutters-row-0 gutters-row-v-lg-2 gutters-row-v-md-2 gutters-row-v-2 style-201 style-local-146-c16 position-relative\">\n        <!---->\n        <div class=\"h-row justify-content-lg-center justify-content-md-center justify-content-center align-items-lg-stretch align-items-md-stretch align-items-stretch gutters-col-lg-2 gutters-col-md-2 gutters-col-0 gutters-col-v-lg-2 gutters-col-v-md-2 gutters-col-v-2\">\n          <!---->\n          <div class=\"h-column h-column-container d-flex h-col-lg-auto h-col-md-auto h-col-auto style-202-outer style-local-146-c17-outer\">\n            <div data-colibri-id=\"146-c17\" class=\"d-flex h-flex-basis h-column__inner h-ui-empty-state-container h-px-lg-2 h-px-md-2 h-px-2 v-inner-lg-2 v-inner-md-2 v-inner-2 style-202 style-local-146-c17 position-relative\">\n              <!---->\n              <!---->\n              <div class=\"w-100 h-y-container h-column__content h-column__v-align flex-basis-100\">\n                <!---->\n              <\/div>\n            <\/div>\n          <\/div>\n          <div class=\"h-column h-column-container d-flex h-col-lg-auto h-col-md-auto h-col-auto style-203-outer style-local-146-c18-outer\">\n            <div data-colibri-id=\"146-c18\" class=\"d-flex h-flex-basis h-column__inner h-ui-empty-state-container h-px-lg-2 h-px-md-2 h-px-2 v-inner-lg-2 v-inner-md-2 v-inner-2 style-203 style-local-146-c18 position-relative\">\n              <!---->\n              <!---->\n              <div class=\"w-100 h-y-container h-column__content h-column__v-align flex-basis-100\">\n                <!---->\n              <\/div>\n            <\/div>\n          <\/div>\n        <\/div>\n      <\/div>\n    <\/div>\n  <\/div>\n  <div data-colibri-component=\"section\" data-colibri-id=\"146-c19\" id=\"custom\" class=\"h-section h-section-global-spacing d-flex align-items-lg-center align-items-md-center align-items-center style-180 style-local-146-c19 position-relative\">\n    <!---->\n    <!---->\n    <div class=\"h-section-grid-container h-section-boxed-container\">\n      <!---->\n      <div data-colibri-id=\"146-c20\" class=\"h-row-container gutters-row-lg-2 gutters-row-md-2 gutters-row-0 gutters-row-v-lg-2 gutters-row-v-md-2 gutters-row-v-2 style-181 style-local-146-c20 position-relative\">\n        <!---->\n        <div class=\"h-row justify-content-lg-center justify-content-md-center justify-content-center align-items-lg-stretch align-items-md-stretch align-items-stretch gutters-col-lg-2 gutters-col-md-2 gutters-col-0 gutters-col-v-lg-2 gutters-col-v-md-2 gutters-col-v-2\">\n          <!---->\n          <div class=\"h-column h-column-container d-flex h-col-lg-auto h-col-md-auto h-col-auto style-182-outer style-local-146-c21-outer\">\n            <div data-colibri-id=\"146-c21\" class=\"d-flex h-flex-basis h-column__inner h-px-lg-2 h-px-md-2 h-px-2 v-inner-lg-2 v-inner-md-2 v-inner-2 style-182 style-local-146-c21 position-relative\">\n              <!---->\n              <!---->\n              <div class=\"w-100 h-y-container h-column__content h-column__v-align flex-basis-100 align-self-lg-start align-self-md-start align-self-start\">\n                <!---->\n                <div data-colibri-id=\"146-c22\" class=\"h-text h-text-component style-184 style-local-146-c22 position-relative h-element\">\n                  <!---->\n                  <!---->\n                  <div class=\"\">\n                    <p>Wolkom op de webside fan \u00fas tinktenk oer bestjoerlike autonomy foar Frysl\u00e2n. Wy wolle mei-inoar neitinke oer de fraach hoe\u2019t Frysl\u00e2n mear eigen de regy krije kin oer saken as ekonomy, taal, feilichheid, enerzjy, identiteit, soarch\n                      en iepenbier bestjoer. Autonomy is foar \u00fas gjin f\u00east begryp, mar in \u00fbnderwerp mei in soad mooglikheden. Krekt d\u00earom wolle wy gjin definysje jaan, mar minsken \u00fatn\u00fbgje om sels mei idee\u00ebn te kommen.<\/p>\n                    <p>It hjoeddeistige bestjoerlike systeem is oan nije ympulsen ta. In protte minsken \u00fbnderfine \u00f4fst\u00e2n tusken boarger en bestjoer. Wy leauwe dat dy \u00fbntefredenenheid ek in k\u00e2ns w\u00eaze kin. No is de tiid om nei te tinken oer in iepenbier bestjoer\n                      nei de Fryske aard en skaal.<\/p>\n                    <p>Wy binne gjin politike partij en skriuwe gjin oplossingen foar. Wy sette \u00fatgongspunten del, \u00fas kearnwearden, en hoopje dat dy in basis foarmje foar diskusje en mienskiplike ynspanning.<\/p>\n                    <p>Meitinke, meiprate en meidwaan; dat is wat wy sykje. Want allinnich as it \u00fbnderwerp \u00fbnder de Friezen libbet, kin autonomy echt op \u2019e aginda komme. <\/p>\n                  <\/div>\n                <\/div>\n              <\/div>\n            <\/div>\n          <\/div>\n        <\/div>\n      <\/div>\n    <\/div>\n  <\/div>\n<\/div>","protected":false},"excerpt":{"rendered":"<p>US DOEL US KEARNWEARDEN RAPPORTEN EN STUDZJES Wolkom op de webside fan \u00fas [&hellip;]<\/p>\n","protected":false},"author":2,"featured_media":0,"parent":0,"menu_order":0,"comment_status":"closed","ping_status":"closed","template":"page-templates\/homepage.php","meta":{"footnotes":""},"class_list":["post-146","page","type-page","status-publish","hentry"],"_links":{"self":[{"href":"https:\/\/autonomy.frl\/index.php\/wp-json\/wp\/v2\/pages\/146","targetHints":{"allow":["GET"]}}],"collection":[{"href":"https:\/\/autonomy.frl\/index.php\/wp-json\/wp\/v2\/pages"}],"about":[{"href":"https:\/\/autonomy.frl\/index.php\/wp-json\/wp\/v2\/types\/page"}],"author":[{"embeddable":true,"href":"https:\/\/autonomy.frl\/index.php\/wp-json\/wp\/v2\/users\/2"}],"replies":[{"embeddable":true,"href":"https:\/\/autonomy.frl\/index.php\/wp-json\/wp\/v2\/comments?post=146"}],"version-history":[{"count":6,"href":"https:\/\/autonomy.frl\/index.php\/wp-json\/wp\/v2\/pages\/146\/revisions"}],"predecessor-version":[{"id":269,"href":"https:\/\/autonomy.frl\/index.php\/wp-json\/wp\/v2\/pages\/146\/revisions\/269"}],"wp:attachment":[{"href":"https:\/\/autonomy.frl\/index.php\/wp-json\/wp\/v2\/media?parent=146"}],"curies":[{"name":"wp","href":"https:\/\/api.w.org\/{rel}","templated":true}]}}